{"id":330,"date":"2021-07-09T14:17:32","date_gmt":"2021-07-09T14:17:32","guid":{"rendered":"http:\/\/elektrotechnik-maier.at\/?page_id=330"},"modified":"2021-07-09T14:19:06","modified_gmt":"2021-07-09T14:19:06","slug":"impressum","status":"publish","type":"page","link":"https:\/\/www.et-maier.at\/?page_id=330","title":{"rendered":"Impressum"},"content":{"rendered":"<div id='full_slider_1'  class='avia-fullwidth-slider main_color avia-shadow   avia-builder-el-0  el_before_av_heading  avia-builder-el-first   container_wrap sidebar_right'  ><div  class='avia-slideshow av-kqwfawf0-a5e9e79309b12d5d18443b97958d014d avia-slideshow-featured av_slideshow_full avia-slide-slider av-slideshow-ui av-control-default av-slideshow-manual av-loop-once av-loop-manual-endless av-default-height-applied   avia-slideshow-1' data-slideshow-options=\"{&quot;animation&quot;:&quot;slide&quot;,&quot;autoplay&quot;:false,&quot;loop_autoplay&quot;:&quot;once&quot;,&quot;interval&quot;:5,&quot;loop_manual&quot;:&quot;manual-endless&quot;,&quot;autoplay_stopper&quot;:false,&quot;noNavigation&quot;:false,&quot;bg_slider&quot;:false,&quot;keep_padding&quot;:false,&quot;hoverpause&quot;:false,&quot;show_slide_delay&quot;:0}\"  itemprop=\"image\" itemscope=\"itemscope\" itemtype=\"https:\/\/schema.org\/ImageObject\" ><ul class='avia-slideshow-inner ' style='padding-bottom: 28.666666666667%;'><li  class='avia-slideshow-slide av-kqwfawf0-a5e9e79309b12d5d18443b97958d014d__0  av-single-slide slide-1 slide-odd'><div data-rel='slideshow-1' class='avia-slide-wrap '   ><img fetchpriority=\"high\" class=\"wp-image-257 avia-img-lazy-loading-not-257\"  src='https:\/\/www.et-maier.at\/wp-content\/uploads\/2021\/07\/s2dlogo_header-1500x430.jpg' width='1500' height='430' title='s2dlogo_header' alt=''  itemprop=\"thumbnailUrl\"   \/><\/div><\/li><\/ul><\/div><\/div><div id='after_full_slider_1'  class='main_color av_default_container_wrap container_wrap sidebar_right'  ><div class='container av-section-cont-open' ><div class='template-page content  av-content-small alpha units'><div class='post-entry post-entry-type-page post-entry-330'><div class='entry-content-wrapper clearfix'>\n\n<style type=\"text\/css\" data-created_by=\"avia_inline_auto\" id=\"style-css-av-kqwfd25y-1d7c664f52d88c433836c1df2c08eb69\">\n#top .av-special-heading.av-kqwfd25y-1d7c664f52d88c433836c1df2c08eb69{\npadding-bottom:10px;\n}\nbody .av-special-heading.av-kqwfd25y-1d7c664f52d88c433836c1df2c08eb69 .av-special-heading-tag .heading-char{\nfont-size:25px;\n}\n.av-special-heading.av-kqwfd25y-1d7c664f52d88c433836c1df2c08eb69 .av-subheading{\nfont-size:15px;\n}\n<\/style>\n<div  class='av-special-heading av-kqwfd25y-1d7c664f52d88c433836c1df2c08eb69 av-special-heading-h1 blockquote modern-quote modern-centered  avia-builder-el-1  el_after_av_slideshow_full  el_before_av_textblock  avia-builder-el-first '><h1 class='av-special-heading-tag '  itemprop=\"headline\"  >Impressum<\/h1><div class=\"special-heading-border\"><div class=\"special-heading-inner-border\"><\/div><\/div><\/div>\n<section  class='av_textblock_section av-kqwfchw5-acd644ae47ef0c197b77a64a9fca5b70 '   itemscope=\"itemscope\" itemtype=\"https:\/\/schema.org\/CreativeWork\" ><div class='avia_textblock'  itemprop=\"text\" ><p>F\u00fcr den Inhalt verantwortlich:<\/p>\n<p><strong>Elektrotechnik Maier<br \/>\n<\/strong>Inh. Andreas Maier<\/p>\n<p>Firmensitz\/ Adresse<\/p>\n<p>Breingasse 2<br \/>\n9721 Wei\u00dfenstein<\/p>\n<p><strong>Mobil:<\/strong> 0676\/60 44 246<br \/>\n<strong>E-Mail:<\/strong> <a href=\"mailto:office@et-maier.at\" target=\"_blank\" rel=\"noreferrer noopener\">office@et-maier.at<\/a><br \/>\n<strong>Website:<\/strong> <a href=\"http:\/\/www.et-maier.at\" target=\"_blank\" rel=\"noreferrer noopener\">www.et-maier.at<\/a><\/p>\n<p>Umsatzsteuer-Identifikationsnummer<\/p>\n<p><strong>UID:<\/strong> ATU65510869<\/p>\n<p>Haftungsausschluss<\/p>\n<p>\u2022 <strong>Medieninhaber und f\u00fcr den Inhalt verantwortlich: Elektro Technik Maier<\/strong><br \/>\nTrotz sorgf\u00e4ltiger Pr\u00fcfung k\u00f6nnen wir keine Haftung f\u00fcr die Inhalte externer Links \u00fcbernehmen. F\u00fcr den Inhalt diese Seiten sind ausschlie\u00dflich deren Betreiber verantwortlich.<\/p>\n<\/div><\/section>\n","protected":false},"excerpt":{"rendered":"","protected":false},"author":1,"featured_media":0,"parent":0,"menu_order":0,"comment_status":"closed","ping_status":"closed","template":"","meta":{"footnotes":""},"_links":{"self":[{"href":"https:\/\/www.et-maier.at\/index.php?rest_route=\/wp\/v2\/pages\/330"}],"collection":[{"href":"https:\/\/www.et-maier.at\/index.php?rest_route=\/wp\/v2\/pages"}],"about":[{"href":"https:\/\/www.et-maier.at\/index.php?rest_route=\/wp\/v2\/types\/page"}],"author":[{"embeddable":true,"href":"https:\/\/www.et-maier.at\/index.php?rest_route=\/wp\/v2\/users\/1"}],"replies":[{"embeddable":true,"href":"https:\/\/www.et-maier.at\/index.php?rest_route=%2Fwp%2Fv2%2Fcomments&post=330"}],"version-history":[{"count":2,"href":"https:\/\/www.et-maier.at\/index.php?rest_route=\/wp\/v2\/pages\/330\/revisions"}],"predecessor-version":[{"id":334,"href":"https:\/\/www.et-maier.at\/index.php?rest_route=\/wp\/v2\/pages\/330\/revisions\/334"}],"wp:attachment":[{"href":"https:\/\/www.et-maier.at\/index.php?rest_route=%2Fwp%2Fv2%2Fmedia&parent=330"}],"curies":[{"name":"wp","href":"https:\/\/api.w.org\/{rel}","templated":true}]}}